{"id":11,"date":"2025-07-14T13:23:27","date_gmt":"2025-07-14T13:23:27","guid":{"rendered":"https:\/\/dasaf.centre-odas.org\/?page_id=11"},"modified":"2025-10-20T22:55:10","modified_gmt":"2025-10-20T22:55:10","slug":"dasaf-2025","status":"publish","type":"page","link":"https:\/\/dasaf.centre-odas.org\/?page_id=11","title":{"rendered":"Dasaf 2025"},"content":{"rendered":"\n<div class=\"wp-block-media-text is-stacked-on-mobile\" style=\"grid-template-columns:40% auto\"><figure class=\"wp-block-media-text__media\"><img loading=\"lazy\" decoding=\"async\" width=\"1024\" height=\"427\" src=\"https:\/\/dasaf.centre-odas.org\/wp-content\/uploads\/2025\/08\/Logo-Guinee-Conakry-1024x427.png\" alt=\"\" class=\"wp-image-94 size-full\" srcset=\"https:\/\/dasaf.centre-odas.org\/wp-content\/uploads\/2025\/08\/Logo-Guinee-Conakry-1024x427.png 1024w, https:\/\/dasaf.centre-odas.org\/wp-content\/uploads\/2025\/08\/Logo-Guinee-Conakry-300x125.png 300w, https:\/\/dasaf.centre-odas.org\/wp-content\/uploads\/2025\/08\/Logo-Guinee-Conakry-768x320.png 768w, https:\/\/dasaf.centre-odas.org\/wp-content\/uploads\/2025\/08\/Logo-Guinee-Conakry-1536x641.png 1536w, https:\/\/dasaf.centre-odas.org\/wp-content\/uploads\/2025\/08\/Logo-Guinee-Conakry.png 2048w\" sizes=\"auto, (max-width: 1024px) 100vw, 1024px\" \/><\/figure><div class=\"wp-block-media-text__content\">\n<p class=\"has-medium-font-size\">La <strong><mark style=\"background-color:rgba(0, 0, 0, 0)\" class=\"has-inline-color has-theme-palette-2-color\">Guin\u00e9e<\/mark><\/strong> recoit l&rsquo;<strong><mark style=\"background-color:rgba(0, 0, 0, 0)\" class=\"has-inline-color has-theme-palette-2-color\">\u00e9dition 2025<\/mark><\/strong> du <strong><mark style=\"background-color:rgba(0, 0, 0, 0)\" class=\"has-inline-color has-theme-palette-2-color\">Dasaf<\/mark><\/strong>, une \u00e9dition prot\u00e9e par le <strong><mark style=\"background-color:rgba(0, 0, 0, 0)\" class=\"has-inline-color has-theme-palette-2-color\">Gouvernement<\/mark><\/strong> \u00e0 travers le <strong><mark style=\"background-color:rgba(0, 0, 0, 0)\" class=\"has-inline-color has-theme-palette-2-color\">Minist\u00e8re de la Promotion f\u00e9minine, de l&rsquo;Enfance et des Personnes vuln\u00e9rables<\/mark><\/strong>. La ville de Conakry abritera ce grand \u00e9v\u00e9nement qui attend plusieurs centaines de participantes et participants, engag\u00e9.es pour les DSSR y compris la reduction de la mortalit\u00e9 maternelle \u00e9vitable, venant de la r\u00e9gion et du monde entier.<\/p>\n<\/div><\/div>\n\n\n\n<h2 class=\"wp-block-heading\">Th\u00e8me de l\u2019\u00e9dition 2025<\/h2>\n\n\n\n<blockquote class=\"wp-block-quote is-layout-flow wp-block-quote-is-layout-flow\">\n<p class=\"has-medium-font-size\"><mark style=\"background-color:rgba(0, 0, 0, 0)\" class=\"has-inline-color has-theme-palette-1-color\"><strong>Unifier nos voix et s\u2019engager pour des choix reproductifs en Afrique francophone<\/strong><\/mark><\/p>\n<\/blockquote>\n\n\n\n<h2 class=\"wp-block-heading\">Tracks<\/h2>\n\n\n\n<ul class=\"wp-block-list\">\n<li class=\"has-medium-font-size\">Track 1 : Avanc\u00e9es et d\u00e9fis pour les DSSR \u2013 contexte l\u00e9gislatif et r\u00e9glementaire<\/li>\n\n\n\n<li class=\"has-medium-font-size\">Track 2 : Innovations et Preuves en Mati\u00e8re de Services<\/li>\n\n\n\n<li class=\"has-medium-font-size\">Track 3 : Financement et Durabilit\u00e9 du Mouvement<\/li>\n\n\n\n<li class=\"has-medium-font-size\">Track 4 : Voix f\u00e9ministes, jeunes et communautaires \u2013 Transformation de Normes Sociales et Stigmatisation<\/li>\n<\/ul>\n\n\n\n<div class=\"wp-block-buttons is-content-justification-center is-layout-flex wp-container-core-buttons-is-layout-16018d1d wp-block-buttons-is-layout-flex\">\n<div class=\"wp-block-button\"><a class=\"wp-block-button__link has-text-align-center wp-element-button\" href=\"https:\/\/dasaf.centre-odas.org\/?page_id=12\">D\u00e9couvrir les sous-tracks<\/a><\/div>\n<\/div>\n\n\n\n<h2 class=\"wp-block-heading has-large-font-size\"><strong>Programme<\/strong><\/h2>\n\n\n\n<p class=\"has-medium-font-size\">Le Dasaf 2025 s\u2019articulera autour&nbsp;<br><\/p>\n\n\n\n<ul class=\"wp-block-list\">\n<li class=\"has-medium-font-size\">Des pl\u00e9ni\u00e8res avec des intervenant\u00b7es de haut niveau<\/li>\n\n\n\n<li class=\"has-medium-font-size\">Des panels th\u00e9matiques en lien avec les sous-th\u00e8mes<\/li>\n\n\n\n<li class=\"has-medium-font-size\">Des ateliers participatifs pour les jeunes<\/li>\n\n\n\n<li class=\"has-medium-font-size\">Des espaces d\u2019exposition de travaux et d\u2019initiatives<\/li>\n\n\n\n<li class=\"has-medium-font-size\">Un village d&rsquo;animation de stands<\/li>\n\n\n\n<li class=\"has-medium-font-size\">Des rencontres parall\u00e8les avec les communaut\u00e9s de pratique et taskforces<\/li>\n\n\n\n<li class=\"has-medium-font-size\">Des moments artistiques et culturels<\/li>\n<\/ul>\n\n\n\n<p class=\"has-medium-font-size\">Restez connect\u00e9\u00b7e pour d\u00e9couvrir les d\u00e9tails jour par jour.<\/p>\n\n\n\n<p class=\"has-medium-font-size\">Le programme d\u00e9taill\u00e9 du Dasaf 2025 sera disponible prochainement sur la page de gestion de l&rsquo;\u00e9v\u00e9nement et l&rsquo;application mobile <a href=\"https:\/\/dasaf.dryfta.com\/en\/component\/dryfta\/register\/login\">Dryfta<\/a>.<\/p>\n\n\n\n<div class=\"wp-block-buttons is-content-justification-center is-layout-flex wp-container-core-buttons-is-layout-16018d1d wp-block-buttons-is-layout-flex\">\n<div class=\"wp-block-button\"><a class=\"wp-block-button__link has-text-align-center wp-element-button\" href=\"https:\/\/dasaf.dryfta.com\/en\/component\/dryfta\/register\/login\">Se connecter \u00e0 Dryfta<\/a><\/div>\n\n\n\n<div class=\"wp-block-button\"><a class=\"wp-block-button__link has-text-align-center wp-element-button\" href=\"https:\/\/dasaf.centre-odas.org\/?page_id=35\">Nous contacter<\/a><\/div>\n<\/div>\n\n\n\n<p class=\"has-text-align-center\"><mark style=\"background-color:rgba(0, 0, 0, 0)\" class=\"has-inline-color has-theme-palette-2-color\"><strong>Dryfta<\/strong><\/mark> est la plateforme officielle qui g\u00e8re la participation \u00e0 l&rsquo;\u00e9v\u00e8nement du Dasaf 2025.<\/p>\n\n\n\n<p class=\"has-text-align-center\">D\u00e9couvrez en plus sur les dates et le programme sur votre espace personnel\u00a0<a href=\"https:\/\/dasaf.dryfta.com\/en\/component\/dryfta\/register\/login\"><strong>Dryfta<\/strong><\/a>\u00a0ou sur l\u2019application mobile\u00a0<a href=\"https:\/\/play.google.com\/store\/apps\/details?id=com.dryfta&amp;pcampaignid=web_share\"><strong>android<\/strong><\/a>\u00a0ou\u00a0<a href=\"https:\/\/apps.apple.com\/us\/app\/dryfta\/id1239665320?l=fr-FR\"><strong>IOS<\/strong><\/a>.<\/p>\n\n\n<div class=\"wp-block-image\">\n<figure class=\"aligncenter size-large is-resized\"><img loading=\"lazy\" decoding=\"async\" width=\"1024\" height=\"465\" src=\"https:\/\/dasaf.centre-odas.org\/wp-content\/uploads\/2025\/10\/Dasaf-zs-1024x465.png\" alt=\"\" class=\"wp-image-211\" style=\"width:1178px;height:auto\" srcset=\"https:\/\/dasaf.centre-odas.org\/wp-content\/uploads\/2025\/10\/Dasaf-zs-1024x465.png 1024w, https:\/\/dasaf.centre-odas.org\/wp-content\/uploads\/2025\/10\/Dasaf-zs-300x136.png 300w, https:\/\/dasaf.centre-odas.org\/wp-content\/uploads\/2025\/10\/Dasaf-zs-768x349.png 768w, https:\/\/dasaf.centre-odas.org\/wp-content\/uploads\/2025\/10\/Dasaf-zs-1536x698.png 1536w, https:\/\/dasaf.centre-odas.org\/wp-content\/uploads\/2025\/10\/Dasaf-zs-2048x931.png 2048w\" sizes=\"auto, (max-width: 1024px) 100vw, 1024px\" \/><\/figure>\n<\/div>","protected":false},"excerpt":{"rendered":"<p>La Guin\u00e9e recoit l&rsquo;\u00e9dition 2025 du Dasaf, une \u00e9dition prot\u00e9e par le Gouvernement \u00e0 travers le Minist\u00e8re de la Promotion f\u00e9minine, de l&rsquo;Enfance et des Personnes vuln\u00e9rables. La ville de Conakry abritera ce grand \u00e9v\u00e9nement qui attend plusieurs centaines de participantes et participants, engag\u00e9.es pour les DSSR y compris la reduction de la mortalit\u00e9 maternelle&#8230;<\/p>\n","protected":false},"author":5,"featured_media":0,"parent":0,"menu_order":0,"comment_status":"closed","ping_status":"closed","template":"","meta":{"_kad_post_transparent":"","_kad_post_title":"","_kad_post_layout":"","_kad_post_sidebar_id":"","_kad_post_content_style":"","_kad_post_vertical_padding":"","_kad_post_feature":"","_kad_post_feature_position":"","_kad_post_header":false,"_kad_post_footer":false,"_kad_post_classname":"","footnotes":""},"class_list":["post-11","page","type-page","status-publish","hentry"],"featured_image_src":null,"featured_image_src_square":null,"_links":{"self":[{"href":"https:\/\/dasaf.centre-odas.org\/index.php?rest_route=\/wp\/v2\/pages\/11","targetHints":{"allow":["GET"]}}],"collection":[{"href":"https:\/\/dasaf.centre-odas.org\/index.php?rest_route=\/wp\/v2\/pages"}],"about":[{"href":"https:\/\/dasaf.centre-odas.org\/index.php?rest_route=\/wp\/v2\/types\/page"}],"author":[{"embeddable":true,"href":"https:\/\/dasaf.centre-odas.org\/index.php?rest_route=\/wp\/v2\/users\/5"}],"replies":[{"embeddable":true,"href":"https:\/\/dasaf.centre-odas.org\/index.php?rest_route=%2Fwp%2Fv2%2Fcomments&post=11"}],"version-history":[{"count":0,"href":"https:\/\/dasaf.centre-odas.org\/index.php?rest_route=\/wp\/v2\/pages\/11\/revisions"}],"wp:attachment":[{"href":"https:\/\/dasaf.centre-odas.org\/index.php?rest_route=%2Fwp%2Fv2%2Fmedia&parent=11"}],"curies":[{"name":"wp","href":"https:\/\/api.w.org\/{rel}","templated":true}]}}