{"id":12,"date":"2025-07-14T13:24:10","date_gmt":"2025-07-14T13:24:10","guid":{"rendered":"https:\/\/dasaf.centre-odas.org\/?page_id=12"},"modified":"2025-10-20T22:37:24","modified_gmt":"2025-10-20T22:37:24","slug":"abstract","status":"publish","type":"page","link":"https:\/\/dasaf.centre-odas.org\/?page_id=12","title":{"rendered":"Abstract"},"content":{"rendered":"\n<div class=\"wp-block-media-text is-stacked-on-mobile\" style=\"grid-template-columns:36% auto\"><figure class=\"wp-block-media-text__media\"><img loading=\"lazy\" decoding=\"async\" width=\"1024\" height=\"1024\" src=\"https:\/\/dasaf.centre-odas.org\/wp-content\/uploads\/2025\/09\/39879138_8767132-1024x1024.jpg\" alt=\"\" class=\"wp-image-121 size-full\" srcset=\"https:\/\/dasaf.centre-odas.org\/wp-content\/uploads\/2025\/09\/39879138_8767132-1024x1024.jpg 1024w, https:\/\/dasaf.centre-odas.org\/wp-content\/uploads\/2025\/09\/39879138_8767132-300x300.jpg 300w, https:\/\/dasaf.centre-odas.org\/wp-content\/uploads\/2025\/09\/39879138_8767132-150x150.jpg 150w, https:\/\/dasaf.centre-odas.org\/wp-content\/uploads\/2025\/09\/39879138_8767132-768x768.jpg 768w, https:\/\/dasaf.centre-odas.org\/wp-content\/uploads\/2025\/09\/39879138_8767132-1536x1536.jpg 1536w, https:\/\/dasaf.centre-odas.org\/wp-content\/uploads\/2025\/09\/39879138_8767132-600x600.jpg 600w, https:\/\/dasaf.centre-odas.org\/wp-content\/uploads\/2025\/09\/39879138_8767132.jpg 2000w\" sizes=\"auto, (max-width: 1024px) 100vw, 1024px\" \/><\/figure><div class=\"wp-block-media-text__content\">\n<p class=\"has-medium-font-size\"><strong><mark style=\"background-color:rgba(0, 0, 0, 0)\" class=\"has-inline-color has-theme-palette-2-color\">L\u2019appel \u00e0 abstract<\/mark><\/strong> pour le <strong><mark style=\"background-color:rgba(0, 0, 0, 0)\" class=\"has-inline-color has-theme-palette-2-color\">Dasaf 2025<\/mark><\/strong> a permis de recevoir <strong><mark style=\"background-color:rgba(0, 0, 0, 0)\" class=\"has-inline-color has-theme-palette-2-color\">443 propositions<\/mark><\/strong> (exp\u00e9rience de terrain, une initiative communautaire, une recherche ou une id\u00e9e innovante en lien avec les DSSR en Afrique francophone) qui ont \u00e9t\u00e9 revues des expert.es pour en sortir 50 qui seront pr\u00e9sent\u00e9es au cours du Dasaf 2025.<\/p>\n\n\n\n<p class=\"has-medium-font-size\">Les autrices et auteurs principales des abstracts s\u00e9lectionn\u00e9s beneficient d&rsquo;un prise en charge compl\u00e8te pour la participation \u00e0 l&rsquo;\u00e9v\u00e8nement.<\/p>\n<\/div><\/div>\n\n\n\n<p class=\"has-large-font-size\"><mark style=\"background-color:rgba(0, 0, 0, 0)\" class=\"has-inline-color has-theme-palette-1-color\"><strong>Th\u00e8me principal<\/strong><\/mark><\/p>\n\n\n\n<blockquote class=\"wp-block-quote is-layout-flow wp-block-quote-is-layout-flow\">\n<p class=\"has-medium-font-size\"><mark style=\"background-color:rgba(0, 0, 0, 0)\" class=\"has-inline-color has-theme-palette-2-color\"><strong>Unifier nos voix et s\u2019engager pour des choix reproductifs en Afrique francophone<\/strong><\/mark><\/p>\n<\/blockquote>\n\n\n\n<p><\/p>\n\n\n\n<h2 class=\"wp-block-heading\">Track 1 : Avanc\u00e9es et d\u00e9fis pour les DSSR \u2013 contexte l\u00e9gislatif et r\u00e9glementaire<\/h2>\n\n\n\n<ul class=\"wp-block-list\">\n<li>Lois et politiques<\/li>\n\n\n\n<li>Leadership local et institutionnel<\/li>\n\n\n\n<li>Exp\u00e9riences communautaires face \u00e0 la criminalisation<\/li>\n\n\n\n<li>Contextes socio-politiques et droits reproductifs<\/li>\n<\/ul>\n\n\n\n<h2 class=\"wp-block-heading\">Track 2 : Innovations et Preuves en Mati\u00e8re de Services<\/h2>\n\n\n\n<ul class=\"wp-block-list\">\n<li>Technologies et outils pour acc\u00e9der \u00e0 l&rsquo;information<\/li>\n\n\n\n<li>Disponibilit\u00e9 et qualit\u00e9 des services \u2013 Voies d\u2019acc\u00e8s centr\u00e9es sur les femmes<\/li>\n\n\n\n<li>Recherche communautaire et donn\u00e9es locales<\/li>\n<\/ul>\n\n\n\n<h2 class=\"wp-block-heading\">Track 3 : Financement et Durabilit\u00e9 du Mouvement<\/h2>\n\n\n\n<ul class=\"wp-block-list\">\n<li>Acc\u00e8s aux financements pour les OSC locales<\/li>\n\n\n\n<li>Financements f\u00e9ministes et d\u00e9centralis\u00e9s<\/li>\n\n\n\n<li>Mod\u00e8les de durabilit\u00e9 adapt\u00e9s au contexte&nbsp;<\/li>\n\n\n\n<li>\u00c9conomie, IVG et financement de la r\u00e9sistance<\/li>\n<\/ul>\n\n\n\n<h2 class=\"wp-block-heading\">Track 4 : Voix f\u00e9ministes, jeunes et communautaires \u2013 Transformation de Normes Sociales et Stigmatisation<\/h2>\n\n\n\n<ul class=\"wp-block-list\">\n<li>Leadership f\u00e9ministe et interg\u00e9n\u00e9rationnel<\/li>\n\n\n\n<li>Mobilisation des jeunes<\/li>\n\n\n\n<li>D\u00e9construction des mythes, r\u00e9cits positifs<\/li>\n\n\n\n<li>Veille de l&rsquo;opposition \/ contrer les mouvements anti-droits<\/li>\n\n\n\n<li>Communication transformatrice et engagement communautaire<\/li>\n\n\n\n<li>R\u00f4le des m\u00e9dias, des hommes et de la religion<\/li>\n\n\n\n<li>R\u00e9cits du terrain et d\u00e9colonisation des savoirs.<\/li>\n<\/ul>\n\n\n\n<div class=\"wp-block-buttons is-content-justification-center is-layout-flex wp-container-core-buttons-is-layout-16018d1d wp-block-buttons-is-layout-flex\">\n<div class=\"wp-block-button\"><a class=\"wp-block-button__link wp-element-button\" href=\"http:\/\/dasaf.dryfta.com\">Acc\u00e9der au livre des r\u00e9sum\u00e9s<\/a><\/div>\n<\/div>\n\n\n\n<p class=\"has-text-align-center has-medium-font-size\"><\/p>\n","protected":false},"excerpt":{"rendered":"<p>L\u2019appel \u00e0 abstract pour le Dasaf 2025 a permis de recevoir 443 propositions (exp\u00e9rience de terrain, une initiative communautaire, une recherche ou une id\u00e9e innovante en lien avec les DSSR en Afrique francophone) qui ont \u00e9t\u00e9 revues des expert.es pour en sortir 50 qui seront pr\u00e9sent\u00e9es au cours du Dasaf 2025. Les autrices et auteurs&#8230;<\/p>\n","protected":false},"author":5,"featured_media":0,"parent":0,"menu_order":0,"comment_status":"closed","ping_status":"closed","template":"","meta":{"_kad_post_transparent":"","_kad_post_title":"","_kad_post_layout":"","_kad_post_sidebar_id":"","_kad_post_content_style":"","_kad_post_vertical_padding":"","_kad_post_feature":"","_kad_post_feature_position":"","_kad_post_header":false,"_kad_post_footer":false,"_kad_post_classname":"","footnotes":""},"class_list":["post-12","page","type-page","status-publish","hentry"],"featured_image_src":null,"featured_image_src_square":null,"_links":{"self":[{"href":"https:\/\/dasaf.centre-odas.org\/index.php?rest_route=\/wp\/v2\/pages\/12","targetHints":{"allow":["GET"]}}],"collection":[{"href":"https:\/\/dasaf.centre-odas.org\/index.php?rest_route=\/wp\/v2\/pages"}],"about":[{"href":"https:\/\/dasaf.centre-odas.org\/index.php?rest_route=\/wp\/v2\/types\/page"}],"author":[{"embeddable":true,"href":"https:\/\/dasaf.centre-odas.org\/index.php?rest_route=\/wp\/v2\/users\/5"}],"replies":[{"embeddable":true,"href":"https:\/\/dasaf.centre-odas.org\/index.php?rest_route=%2Fwp%2Fv2%2Fcomments&post=12"}],"version-history":[{"count":0,"href":"https:\/\/dasaf.centre-odas.org\/index.php?rest_route=\/wp\/v2\/pages\/12\/revisions"}],"wp:attachment":[{"href":"https:\/\/dasaf.centre-odas.org\/index.php?rest_route=%2Fwp%2Fv2%2Fmedia&parent=12"}],"curies":[{"name":"wp","href":"https:\/\/api.w.org\/{rel}","templated":true}]}}