{"id":33,"date":"2025-07-28T17:50:52","date_gmt":"2025-07-28T17:50:52","guid":{"rendered":"https:\/\/dasaf.centre-odas.org\/?page_id=33"},"modified":"2025-10-21T10:34:22","modified_gmt":"2025-10-21T10:34:22","slug":"espace-participants","status":"publish","type":"page","link":"https:\/\/dasaf.centre-odas.org\/?page_id=33","title":{"rendered":"Toolkit participant.es"},"content":{"rendered":"\n<p>Pour les aspects s\u00e9curitaires, veillons \u00e0 ne pas publier le lieu et les photos des participant.es.<\/p>\n\n\n\n<figure class=\"wp-block-image size-large is-resized\"><img loading=\"lazy\" decoding=\"async\" width=\"1024\" height=\"576\" src=\"https:\/\/dasaf.centre-odas.org\/wp-content\/uploads\/2025\/10\/Je-participe-au-Dasaf-2025-1024x576.jpeg\" alt=\"\" class=\"wp-image-198\" style=\"width:1178px;height:auto\" srcset=\"https:\/\/dasaf.centre-odas.org\/wp-content\/uploads\/2025\/10\/Je-participe-au-Dasaf-2025-1024x576.jpeg 1024w, https:\/\/dasaf.centre-odas.org\/wp-content\/uploads\/2025\/10\/Je-participe-au-Dasaf-2025-300x169.jpeg 300w, https:\/\/dasaf.centre-odas.org\/wp-content\/uploads\/2025\/10\/Je-participe-au-Dasaf-2025-768x432.jpeg 768w, https:\/\/dasaf.centre-odas.org\/wp-content\/uploads\/2025\/10\/Je-participe-au-Dasaf-2025-1536x864.jpeg 1536w, https:\/\/dasaf.centre-odas.org\/wp-content\/uploads\/2025\/10\/Je-participe-au-Dasaf-2025-2048x1152.jpeg 2048w\" sizes=\"auto, (max-width: 1024px) 100vw, 1024px\" \/><\/figure>\n\n\n\n<div class=\"wp-block-media-text is-stacked-on-mobile\" style=\"grid-template-columns:23% auto\"><figure class=\"wp-block-media-text__media\"><a href=\"https:\/\/twibbo.nz\/dasaf2025\"><img loading=\"lazy\" decoding=\"async\" width=\"1024\" height=\"1024\" src=\"https:\/\/dasaf.centre-odas.org\/wp-content\/uploads\/2025\/10\/JE-PARTICIPE-1-1024x1024.png\" alt=\"\" class=\"wp-image-206 size-full\" srcset=\"https:\/\/dasaf.centre-odas.org\/wp-content\/uploads\/2025\/10\/JE-PARTICIPE-1-1024x1024.png 1024w, https:\/\/dasaf.centre-odas.org\/wp-content\/uploads\/2025\/10\/JE-PARTICIPE-1-300x300.png 300w, https:\/\/dasaf.centre-odas.org\/wp-content\/uploads\/2025\/10\/JE-PARTICIPE-1-150x150.png 150w, https:\/\/dasaf.centre-odas.org\/wp-content\/uploads\/2025\/10\/JE-PARTICIPE-1-768x768.png 768w, https:\/\/dasaf.centre-odas.org\/wp-content\/uploads\/2025\/10\/JE-PARTICIPE-1-1536x1536.png 1536w, https:\/\/dasaf.centre-odas.org\/wp-content\/uploads\/2025\/10\/JE-PARTICIPE-1-2048x2048.png 2048w, https:\/\/dasaf.centre-odas.org\/wp-content\/uploads\/2025\/10\/JE-PARTICIPE-1-600x600.png 600w\" sizes=\"auto, (max-width: 1024px) 100vw, 1024px\" \/><\/a><\/figure><div class=\"wp-block-media-text__content\">\n<h2 class=\"wp-block-heading has-text-align-center has-large-font-size\">Participez-vous au Dasaf 2025 ?&nbsp;<\/h2>\n\n\n\n<p class=\"has-text-align-center has-medium-font-size\">Bienvenue dans le Toolkit d&rsquo;information et de partage de ressources.<\/p>\n\n\n\n<div class=\"wp-block-buttons is-content-justification-center is-layout-flex wp-container-core-buttons-is-layout-16018d1d wp-block-buttons-is-layout-flex\">\n<div class=\"wp-block-button\"><a class=\"wp-block-button__link has-text-align-center wp-element-button\" href=\"https:\/\/twibbo.nz\/dasaf2025\"><strong>G\u00e9n\u00e9rer mon Badge<\/strong><\/a><\/div>\n\n\n\n<div class=\"wp-block-button\"><a class=\"wp-block-button__link wp-element-button\" href=\"https:\/\/dasaf.centre-odas.org\/?page_id=35\"><strong>Contacter l&rsquo;\u00e9quipe<\/strong><\/a><\/div>\n<\/div>\n<\/div><\/div>\n\n\n\n<p class=\"has-medium-font-size\">D\u00e8s votre arriv\u00e9e \u00e0 l\u2019a\u00e9roport, l\u2019\u00e9quipe logistique sera sur place avec le branding du Dasaf 2025 pour vous accueillir comme un.e champion.ne que vous \u00eates et vous conduire \u00e0 votre H\u00f4tel.<\/p>\n\n\n\n<p class=\"has-medium-font-size\">Vous aurez sur place toutes les informations suppl\u00e9mentaires et votre kit de participant.<\/p>\n\n\n\n<blockquote class=\"wp-block-quote is-layout-flow wp-block-quote-is-layout-flow\">\n<p class=\"has-x-large-font-size\"><strong><mark style=\"background-color:rgba(0, 0, 0, 0)\" class=\"has-inline-color has-theme-palette-2-color\">#Dasaf2025<\/mark><\/strong><\/p>\n<\/blockquote>\n\n\n\n<p class=\"has-medium-font-size\">sera le hashtag principal du Dasaf. Utilisons-le pour tous nos posts et communications.<\/p>\n\n\n\n<p class=\"has-medium-font-size\">Utilisez les informations du Toolkit pour la communication autour du Dasaf.<\/p>\n\n\n\n<div style=\"color:#32373c;background-color:#23440e\" class=\"wp-block-genesis-blocks-gb-notice gb-font-size-18 gb-block-notice\" data-id=\"8e908b\"><div class=\"gb-notice-title\" style=\"color:#fff\"><p><strong>Toolkit Dasaf 2025<\/strong><\/p><\/div><div class=\"gb-notice-text\" style=\"border-color:#23440e\">\n<h5 class=\"wp-block-heading\">Objectif du Toolkit<\/h5>\n\n\n\n<p>Ce toolkit est con\u00e7u pour aider les membres du Mouvement ODAS, partenaires et alli\u00e9.es \u00e0 :<\/p>\n\n\n\n<ul class=\"wp-block-list\">\n<li>Amplifier la voix du Mouvement pour les DSSR en Afrique francophone.<\/li>\n\n\n\n<li>Faire conna\u00eetre le Dasaf sans divulguer de d\u00e9tails sensibles ;<\/li>\n\n\n\n<li>Mobiliser autour de la vision et des objectifs ;<\/li>\n\n\n\n<li>Cr\u00e9er une communication coh\u00e9rente, engageante et s\u00e9curis\u00e9e ;<\/li>\n<\/ul>\n\n\n\n<h5 class=\"wp-block-heading\">Ton et style recommand\u00e9s<\/h5>\n\n\n\n<ul class=\"wp-block-list\">\n<li>Positif et mobilisateur<\/li>\n\n\n\n<li>Inclusif et collectif (\u00ab nous \u00bb, \u00ab Mouvement ODAS \u00bb)<\/li>\n\n\n\n<li>Affirm\u00e9 mais respectueux<\/li>\n\n\n\n<li>Ancr\u00e9 dans le f\u00e9minisme et les droits humains<\/li>\n<\/ul>\n\n\n\n<h5 class=\"wp-block-heading\">Id\u00e9es de visuels \u00e0 int\u00e9grer dans vos publications<\/h5>\n\n\n\n<p>Illustrations ou photos symbolisant :<\/p>\n\n\n\n<ul class=\"wp-block-list\">\n<li>Le pouvoir collectif et les voix unies<\/li>\n\n\n\n<li>Des militantes et militants en action (silhouettes ou images anonymis\u00e9es si n\u00e9cessaire)<\/li>\n\n\n\n<li>Des slogans forts et minimalistes en typographie impactante<\/li>\n\n\n\n<li>Des \u00e9l\u00e9ments graphiques inspir\u00e9s de l\u2019Afrique francophone et du f\u00e9minisme<\/li>\n<\/ul>\n\n\n\n<h3 class=\"wp-block-heading\">Exemples de publications <\/h3>\n\n\n\n<h5 class=\"wp-block-heading\">Annonce g\u00e9n\u00e9rale<\/h5>\n\n\n\n<ul class=\"wp-block-list\">\n<li>Le Dasaf revient pour amplifier les voix f\u00e9ministes et pro-choix en Afrique francophone. Ensemble, unissons nos forces et engageons-nous pour les droits et choix reproductifs de toutes et tous.<\/li>\n<\/ul>\n\n\n\n<h5 class=\"wp-block-heading\">Mobilisation<\/h5>\n\n\n\n<ul class=\"wp-block-list\">\n<li>Un espace strat\u00e9gique pour faire avancer la justice reproductive en Afrique francophone. Des \u00e9changes, des id\u00e9es fortes et des engagements concrets\u2026 c\u2019est \u00e7a le Dasaf. Pr\u00eates et pr\u00eats \u00e0 faire entendre votre voix ?<\/li>\n<\/ul>\n\n\n\n<h5 class=\"wp-block-heading\">Vision et valeurs<\/h5>\n\n\n\n<ul class=\"wp-block-list\">\n<li>Le DASAF, c\u2019est bien plus qu\u2019un espace d\u2019\u00e9change. C\u2019est un espace safe pour unir nos voix, faire avancer les droits sexuels et reproductifs et renforcer notre mouvement f\u00e9ministe francophone. Au Dasaf2025, nous construisons le changement.<\/li>\n<\/ul>\n\n\n\n<h5 class=\"wp-block-heading\">Mise en avant du Mouvement ODAS&nbsp;<\/h5>\n\n\n\n<ul class=\"wp-block-list\">\n<li>Le Dasaf rassemble les actrices et acteurs du Mouvement pour les DSSR en Afrique francophone. Un moment fort de partage, de r\u00e9flexion et d\u2019action collective. Parce que chaque voix compte pour faire avancer les droits reproductifs.<\/li>\n<\/ul>\n\n\n\n<h5 class=\"wp-block-heading\">Appel \u00e0 l&rsquo;action<\/h5>\n\n\n\n<ul class=\"wp-block-list\">\n<li>Les voix francophones s\u2019unissent \u00e0 nouveau. Le Dasaf, c\u2019est l\u2019\u00e9nergie, l\u2019engagement et la solidarit\u00e9 f\u00e9ministe. Restez connect\u00e9s pour suivre les moments forts.<\/li>\n<\/ul>\n\n\n\n<figure class=\"wp-block-gallery has-nested-images columns-default is-cropped wp-block-gallery-1 is-layout-flex wp-block-gallery-is-layout-flex\">\n<figure class=\"wp-block-image size-full\"><img loading=\"lazy\" decoding=\"async\" width=\"2560\" height=\"1440\" data-id=\"199\" src=\"https:\/\/dasaf.centre-odas.org\/wp-content\/uploads\/2025\/10\/Le-Dasaf-2025-cest.jpeg\" alt=\"\" class=\"wp-image-199\" srcset=\"https:\/\/dasaf.centre-odas.org\/wp-content\/uploads\/2025\/10\/Le-Dasaf-2025-cest.jpeg 2560w, https:\/\/dasaf.centre-odas.org\/wp-content\/uploads\/2025\/10\/Le-Dasaf-2025-cest-300x169.jpeg 300w, https:\/\/dasaf.centre-odas.org\/wp-content\/uploads\/2025\/10\/Le-Dasaf-2025-cest-1024x576.jpeg 1024w, https:\/\/dasaf.centre-odas.org\/wp-content\/uploads\/2025\/10\/Le-Dasaf-2025-cest-768x432.jpeg 768w, https:\/\/dasaf.centre-odas.org\/wp-content\/uploads\/2025\/10\/Le-Dasaf-2025-cest-1536x864.jpeg 1536w, https:\/\/dasaf.centre-odas.org\/wp-content\/uploads\/2025\/10\/Le-Dasaf-2025-cest-2048x1152.jpeg 2048w\" sizes=\"auto, (max-width: 2560px) 100vw, 2560px\" \/><\/figure>\n\n\n\n<figure class=\"wp-block-image size-full\"><img loading=\"lazy\" decoding=\"async\" width=\"2560\" height=\"1440\" data-id=\"202\" src=\"https:\/\/dasaf.centre-odas.org\/wp-content\/uploads\/2025\/10\/Je-participe-au-Dasaf-2025-1.jpeg\" alt=\"\" class=\"wp-image-202\" srcset=\"https:\/\/dasaf.centre-odas.org\/wp-content\/uploads\/2025\/10\/Je-participe-au-Dasaf-2025-1.jpeg 2560w, https:\/\/dasaf.centre-odas.org\/wp-content\/uploads\/2025\/10\/Je-participe-au-Dasaf-2025-1-300x169.jpeg 300w, https:\/\/dasaf.centre-odas.org\/wp-content\/uploads\/2025\/10\/Je-participe-au-Dasaf-2025-1-1024x576.jpeg 1024w, https:\/\/dasaf.centre-odas.org\/wp-content\/uploads\/2025\/10\/Je-participe-au-Dasaf-2025-1-768x432.jpeg 768w, https:\/\/dasaf.centre-odas.org\/wp-content\/uploads\/2025\/10\/Je-participe-au-Dasaf-2025-1-1536x864.jpeg 1536w, https:\/\/dasaf.centre-odas.org\/wp-content\/uploads\/2025\/10\/Je-participe-au-Dasaf-2025-1-2048x1152.jpeg 2048w\" sizes=\"auto, (max-width: 2560px) 100vw, 2560px\" \/><\/figure>\n\n\n\n<figure class=\"wp-block-image size-full\"><img loading=\"lazy\" decoding=\"async\" width=\"2560\" height=\"1440\" data-id=\"204\" src=\"https:\/\/dasaf.centre-odas.org\/wp-content\/uploads\/2025\/10\/Le-Dasaf-sacheve.jpeg\" alt=\"\" class=\"wp-image-204\" srcset=\"https:\/\/dasaf.centre-odas.org\/wp-content\/uploads\/2025\/10\/Le-Dasaf-sacheve.jpeg 2560w, https:\/\/dasaf.centre-odas.org\/wp-content\/uploads\/2025\/10\/Le-Dasaf-sacheve-300x169.jpeg 300w, https:\/\/dasaf.centre-odas.org\/wp-content\/uploads\/2025\/10\/Le-Dasaf-sacheve-1024x576.jpeg 1024w, https:\/\/dasaf.centre-odas.org\/wp-content\/uploads\/2025\/10\/Le-Dasaf-sacheve-768x432.jpeg 768w, https:\/\/dasaf.centre-odas.org\/wp-content\/uploads\/2025\/10\/Le-Dasaf-sacheve-1536x864.jpeg 1536w, https:\/\/dasaf.centre-odas.org\/wp-content\/uploads\/2025\/10\/Le-Dasaf-sacheve-2048x1152.jpeg 2048w\" sizes=\"auto, (max-width: 2560px) 100vw, 2560px\" \/><\/figure>\n\n\n\n<figure class=\"wp-block-image size-full\"><img loading=\"lazy\" decoding=\"async\" width=\"2560\" height=\"1440\" data-id=\"201\" src=\"https:\/\/dasaf.centre-odas.org\/wp-content\/uploads\/2025\/10\/Bienvenue-au-Dasaf-2025.jpeg\" alt=\"\" class=\"wp-image-201\" srcset=\"https:\/\/dasaf.centre-odas.org\/wp-content\/uploads\/2025\/10\/Bienvenue-au-Dasaf-2025.jpeg 2560w, https:\/\/dasaf.centre-odas.org\/wp-content\/uploads\/2025\/10\/Bienvenue-au-Dasaf-2025-300x169.jpeg 300w, https:\/\/dasaf.centre-odas.org\/wp-content\/uploads\/2025\/10\/Bienvenue-au-Dasaf-2025-1024x576.jpeg 1024w, https:\/\/dasaf.centre-odas.org\/wp-content\/uploads\/2025\/10\/Bienvenue-au-Dasaf-2025-768x432.jpeg 768w, https:\/\/dasaf.centre-odas.org\/wp-content\/uploads\/2025\/10\/Bienvenue-au-Dasaf-2025-1536x864.jpeg 1536w, https:\/\/dasaf.centre-odas.org\/wp-content\/uploads\/2025\/10\/Bienvenue-au-Dasaf-2025-2048x1152.jpeg 2048w\" sizes=\"auto, (max-width: 2560px) 100vw, 2560px\" \/><\/figure>\n\n\n\n<figure class=\"wp-block-image size-full\"><img loading=\"lazy\" decoding=\"async\" width=\"2560\" height=\"1440\" data-id=\"200\" src=\"https:\/\/dasaf.centre-odas.org\/wp-content\/uploads\/2025\/10\/Dasaf-2025-Theme-.jpeg\" alt=\"\" class=\"wp-image-200\" srcset=\"https:\/\/dasaf.centre-odas.org\/wp-content\/uploads\/2025\/10\/Dasaf-2025-Theme-.jpeg 2560w, https:\/\/dasaf.centre-odas.org\/wp-content\/uploads\/2025\/10\/Dasaf-2025-Theme--300x169.jpeg 300w, https:\/\/dasaf.centre-odas.org\/wp-content\/uploads\/2025\/10\/Dasaf-2025-Theme--1024x576.jpeg 1024w, https:\/\/dasaf.centre-odas.org\/wp-content\/uploads\/2025\/10\/Dasaf-2025-Theme--768x432.jpeg 768w, https:\/\/dasaf.centre-odas.org\/wp-content\/uploads\/2025\/10\/Dasaf-2025-Theme--1536x864.jpeg 1536w, https:\/\/dasaf.centre-odas.org\/wp-content\/uploads\/2025\/10\/Dasaf-2025-Theme--2048x1152.jpeg 2048w\" sizes=\"auto, (max-width: 2560px) 100vw, 2560px\" \/><\/figure>\n\n\n\n<figure class=\"wp-block-image size-full\"><img loading=\"lazy\" decoding=\"async\" width=\"2560\" height=\"1440\" data-id=\"205\" src=\"https:\/\/dasaf.centre-odas.org\/wp-content\/uploads\/2025\/10\/Dasaf-2025-Tracks.jpeg\" alt=\"\" class=\"wp-image-205\" srcset=\"https:\/\/dasaf.centre-odas.org\/wp-content\/uploads\/2025\/10\/Dasaf-2025-Tracks.jpeg 2560w, https:\/\/dasaf.centre-odas.org\/wp-content\/uploads\/2025\/10\/Dasaf-2025-Tracks-300x169.jpeg 300w, https:\/\/dasaf.centre-odas.org\/wp-content\/uploads\/2025\/10\/Dasaf-2025-Tracks-1024x576.jpeg 1024w, https:\/\/dasaf.centre-odas.org\/wp-content\/uploads\/2025\/10\/Dasaf-2025-Tracks-768x432.jpeg 768w, https:\/\/dasaf.centre-odas.org\/wp-content\/uploads\/2025\/10\/Dasaf-2025-Tracks-1536x864.jpeg 1536w, https:\/\/dasaf.centre-odas.org\/wp-content\/uploads\/2025\/10\/Dasaf-2025-Tracks-2048x1152.jpeg 2048w\" sizes=\"auto, (max-width: 2560px) 100vw, 2560px\" \/><\/figure>\n\n\n\n<figure class=\"wp-block-image size-full\"><img loading=\"lazy\" decoding=\"async\" width=\"2560\" height=\"1440\" data-id=\"203\" src=\"https:\/\/dasaf.centre-odas.org\/wp-content\/uploads\/2025\/10\/WhatsApp-Image-2025-10-20-at-10.45.42.jpeg\" alt=\"\" class=\"wp-image-203\" srcset=\"https:\/\/dasaf.centre-odas.org\/wp-content\/uploads\/2025\/10\/WhatsApp-Image-2025-10-20-at-10.45.42.jpeg 2560w, https:\/\/dasaf.centre-odas.org\/wp-content\/uploads\/2025\/10\/WhatsApp-Image-2025-10-20-at-10.45.42-300x169.jpeg 300w, https:\/\/dasaf.centre-odas.org\/wp-content\/uploads\/2025\/10\/WhatsApp-Image-2025-10-20-at-10.45.42-1024x576.jpeg 1024w, https:\/\/dasaf.centre-odas.org\/wp-content\/uploads\/2025\/10\/WhatsApp-Image-2025-10-20-at-10.45.42-768x432.jpeg 768w, https:\/\/dasaf.centre-odas.org\/wp-content\/uploads\/2025\/10\/WhatsApp-Image-2025-10-20-at-10.45.42-1536x864.jpeg 1536w, https:\/\/dasaf.centre-odas.org\/wp-content\/uploads\/2025\/10\/WhatsApp-Image-2025-10-20-at-10.45.42-2048x1152.jpeg 2048w\" sizes=\"auto, (max-width: 2560px) 100vw, 2560px\" \/><\/figure>\n\n\n\n<figure class=\"wp-block-image size-full\"><img loading=\"lazy\" decoding=\"async\" width=\"2560\" height=\"2560\" data-id=\"207\" src=\"https:\/\/dasaf.centre-odas.org\/wp-content\/uploads\/2025\/10\/JE-SOUTIENS-scaled.png\" alt=\"\" class=\"wp-image-207\" srcset=\"https:\/\/dasaf.centre-odas.org\/wp-content\/uploads\/2025\/10\/JE-SOUTIENS-scaled.png 2560w, https:\/\/dasaf.centre-odas.org\/wp-content\/uploads\/2025\/10\/JE-SOUTIENS-300x300.png 300w, https:\/\/dasaf.centre-odas.org\/wp-content\/uploads\/2025\/10\/JE-SOUTIENS-1024x1024.png 1024w, https:\/\/dasaf.centre-odas.org\/wp-content\/uploads\/2025\/10\/JE-SOUTIENS-150x150.png 150w, https:\/\/dasaf.centre-odas.org\/wp-content\/uploads\/2025\/10\/JE-SOUTIENS-768x768.png 768w, https:\/\/dasaf.centre-odas.org\/wp-content\/uploads\/2025\/10\/JE-SOUTIENS-1536x1536.png 1536w, https:\/\/dasaf.centre-odas.org\/wp-content\/uploads\/2025\/10\/JE-SOUTIENS-2048x2048.png 2048w, https:\/\/dasaf.centre-odas.org\/wp-content\/uploads\/2025\/10\/JE-SOUTIENS-600x600.png 600w\" sizes=\"auto, (max-width: 2560px) 100vw, 2560px\" \/><\/figure>\n\n\n\n<figure class=\"wp-block-image size-full\"><img loading=\"lazy\" decoding=\"async\" width=\"2560\" height=\"2560\" data-id=\"208\" src=\"https:\/\/dasaf.centre-odas.org\/wp-content\/uploads\/2025\/10\/JE-PRESENTE-AU-DASAF-scaled.png\" alt=\"\" class=\"wp-image-208\" srcset=\"https:\/\/dasaf.centre-odas.org\/wp-content\/uploads\/2025\/10\/JE-PRESENTE-AU-DASAF-scaled.png 2560w, https:\/\/dasaf.centre-odas.org\/wp-content\/uploads\/2025\/10\/JE-PRESENTE-AU-DASAF-300x300.png 300w, https:\/\/dasaf.centre-odas.org\/wp-content\/uploads\/2025\/10\/JE-PRESENTE-AU-DASAF-1024x1024.png 1024w, https:\/\/dasaf.centre-odas.org\/wp-content\/uploads\/2025\/10\/JE-PRESENTE-AU-DASAF-150x150.png 150w, https:\/\/dasaf.centre-odas.org\/wp-content\/uploads\/2025\/10\/JE-PRESENTE-AU-DASAF-768x768.png 768w, https:\/\/dasaf.centre-odas.org\/wp-content\/uploads\/2025\/10\/JE-PRESENTE-AU-DASAF-1536x1536.png 1536w, https:\/\/dasaf.centre-odas.org\/wp-content\/uploads\/2025\/10\/JE-PRESENTE-AU-DASAF-2048x2048.png 2048w, https:\/\/dasaf.centre-odas.org\/wp-content\/uploads\/2025\/10\/JE-PRESENTE-AU-DASAF-600x600.png 600w\" sizes=\"auto, (max-width: 2560px) 100vw, 2560px\" \/><\/figure>\n\n\n\n<figure class=\"wp-block-image size-full\"><img loading=\"lazy\" decoding=\"async\" width=\"2560\" height=\"2560\" data-id=\"206\" src=\"https:\/\/dasaf.centre-odas.org\/wp-content\/uploads\/2025\/10\/JE-PARTICIPE-1-scaled.png\" alt=\"\" class=\"wp-image-206\" srcset=\"https:\/\/dasaf.centre-odas.org\/wp-content\/uploads\/2025\/10\/JE-PARTICIPE-1-scaled.png 2560w, https:\/\/dasaf.centre-odas.org\/wp-content\/uploads\/2025\/10\/JE-PARTICIPE-1-300x300.png 300w, https:\/\/dasaf.centre-odas.org\/wp-content\/uploads\/2025\/10\/JE-PARTICIPE-1-1024x1024.png 1024w, https:\/\/dasaf.centre-odas.org\/wp-content\/uploads\/2025\/10\/JE-PARTICIPE-1-150x150.png 150w, https:\/\/dasaf.centre-odas.org\/wp-content\/uploads\/2025\/10\/JE-PARTICIPE-1-768x768.png 768w, https:\/\/dasaf.centre-odas.org\/wp-content\/uploads\/2025\/10\/JE-PARTICIPE-1-1536x1536.png 1536w, https:\/\/dasaf.centre-odas.org\/wp-content\/uploads\/2025\/10\/JE-PARTICIPE-1-2048x2048.png 2048w, https:\/\/dasaf.centre-odas.org\/wp-content\/uploads\/2025\/10\/JE-PARTICIPE-1-600x600.png 600w\" sizes=\"auto, (max-width: 2560px) 100vw, 2560px\" \/><\/figure>\n\n\n\n<figure class=\"wp-block-image size-full\"><img loading=\"lazy\" decoding=\"async\" width=\"2560\" height=\"1286\" data-id=\"210\" src=\"https:\/\/dasaf.centre-odas.org\/wp-content\/uploads\/2025\/10\/Dasaf-Logo-Fond-vert-scaled.png\" alt=\"\" class=\"wp-image-210\" srcset=\"https:\/\/dasaf.centre-odas.org\/wp-content\/uploads\/2025\/10\/Dasaf-Logo-Fond-vert-scaled.png 2560w, https:\/\/dasaf.centre-odas.org\/wp-content\/uploads\/2025\/10\/Dasaf-Logo-Fond-vert-300x151.png 300w, https:\/\/dasaf.centre-odas.org\/wp-content\/uploads\/2025\/10\/Dasaf-Logo-Fond-vert-1024x514.png 1024w, https:\/\/dasaf.centre-odas.org\/wp-content\/uploads\/2025\/10\/Dasaf-Logo-Fond-vert-768x386.png 768w, https:\/\/dasaf.centre-odas.org\/wp-content\/uploads\/2025\/10\/Dasaf-Logo-Fond-vert-1536x771.png 1536w, https:\/\/dasaf.centre-odas.org\/wp-content\/uploads\/2025\/10\/Dasaf-Logo-Fond-vert-2048x1028.png 2048w\" sizes=\"auto, (max-width: 2560px) 100vw, 2560px\" \/><\/figure>\n\n\n\n<figure class=\"wp-block-image size-full\"><img loading=\"lazy\" decoding=\"async\" width=\"9612\" height=\"4369\" data-id=\"211\" src=\"https:\/\/dasaf.centre-odas.org\/wp-content\/uploads\/2025\/10\/Dasaf-zs.png\" alt=\"\" class=\"wp-image-211\" srcset=\"https:\/\/dasaf.centre-odas.org\/wp-content\/uploads\/2025\/10\/Dasaf-zs.png 9612w, https:\/\/dasaf.centre-odas.org\/wp-content\/uploads\/2025\/10\/Dasaf-zs-300x136.png 300w, https:\/\/dasaf.centre-odas.org\/wp-content\/uploads\/2025\/10\/Dasaf-zs-1024x465.png 1024w, https:\/\/dasaf.centre-odas.org\/wp-content\/uploads\/2025\/10\/Dasaf-zs-768x349.png 768w, https:\/\/dasaf.centre-odas.org\/wp-content\/uploads\/2025\/10\/Dasaf-zs-1536x698.png 1536w, https:\/\/dasaf.centre-odas.org\/wp-content\/uploads\/2025\/10\/Dasaf-zs-2048x931.png 2048w\" sizes=\"auto, (max-width: 9612px) 100vw, 9612px\" \/><\/figure>\n<\/figure>\n<\/div><\/div>\n\n\n\n<p><\/p>\n\n\n\n<p><\/p>\n\n\n\n<p><\/p>\n","protected":false},"excerpt":{"rendered":"<p>Pour les aspects s\u00e9curitaires, veillons \u00e0 ne pas publier le lieu et les photos des participant.es. D\u00e8s votre arriv\u00e9e \u00e0 l\u2019a\u00e9roport, l\u2019\u00e9quipe logistique sera sur place avec le branding du Dasaf 2025 pour vous accueillir comme un.e champion.ne que vous \u00eates et vous conduire \u00e0 votre H\u00f4tel. Vous aurez sur place toutes les informations suppl\u00e9mentaires&#8230;<\/p>\n","protected":false},"author":5,"featured_media":203,"parent":0,"menu_order":0,"comment_status":"closed","ping_status":"closed","template":"","meta":{"_kad_post_transparent":"","_kad_post_title":"","_kad_post_layout":"","_kad_post_sidebar_id":"","_kad_post_content_style":"","_kad_post_vertical_padding":"","_kad_post_feature":"","_kad_post_feature_position":"","_kad_post_header":false,"_kad_post_footer":false,"_kad_post_classname":"","footnotes":""},"class_list":["post-33","page","type-page","status-publish","has-post-thumbnail","hentry"],"featured_image_src":"https:\/\/dasaf.centre-odas.org\/wp-content\/uploads\/2025\/10\/WhatsApp-Image-2025-10-20-at-10.45.42-600x400.jpeg","featured_image_src_square":"https:\/\/dasaf.centre-odas.org\/wp-content\/uploads\/2025\/10\/WhatsApp-Image-2025-10-20-at-10.45.42-600x600.jpeg","_links":{"self":[{"href":"https:\/\/dasaf.centre-odas.org\/index.php?rest_route=\/wp\/v2\/pages\/33","targetHints":{"allow":["GET"]}}],"collection":[{"href":"https:\/\/dasaf.centre-odas.org\/index.php?rest_route=\/wp\/v2\/pages"}],"about":[{"href":"https:\/\/dasaf.centre-odas.org\/index.php?rest_route=\/wp\/v2\/types\/page"}],"author":[{"embeddable":true,"href":"https:\/\/dasaf.centre-odas.org\/index.php?rest_route=\/wp\/v2\/users\/5"}],"replies":[{"embeddable":true,"href":"https:\/\/dasaf.centre-odas.org\/index.php?rest_route=%2Fwp%2Fv2%2Fcomments&post=33"}],"version-history":[{"count":0,"href":"https:\/\/dasaf.centre-odas.org\/index.php?rest_route=\/wp\/v2\/pages\/33\/revisions"}],"wp:featuredmedia":[{"embeddable":true,"href":"https:\/\/dasaf.centre-odas.org\/index.php?rest_route=\/wp\/v2\/media\/203"}],"wp:attachment":[{"href":"https:\/\/dasaf.centre-odas.org\/index.php?rest_route=%2Fwp%2Fv2%2Fmedia&parent=33"}],"curies":[{"name":"wp","href":"https:\/\/api.w.org\/{rel}","templated":true}]}}